{"id":247263,"date":"2025-02-01T20:34:16","date_gmt":"2025-02-01T20:34:16","guid":{"rendered":"https:\/\/nlscoaching.eu\/?page_id=247263"},"modified":"2025-11-12T09:50:05","modified_gmt":"2025-11-12T09:50:05","slug":"nlscoaching","status":"publish","type":"page","link":"https:\/\/nlscoaching.eu\/","title":{"rendered":"NLSCoaching"},"content":{"rendered":"<div class=\"et_pb_section_0 et_pb_section et_section_regular et_block_section\"><div class=\"et_pb_row_0 et_pb_row et_pb_gutters3 et_block_row\"><div class=\"et_pb_column_0 et_pb_column et_pb_column_4_4 et-last-child et_block_column et_pb_css_mix_blend_mode_passthrough\"><div class=\"et_pb_text_0 et_pb_text et_pb_bg_layout_light et_pb_module et_flex_module preset--module--divi-text--77bd6224-541c-4dfa-aa0c-4832456a9557\"><div class=\"et_pb_text_inner\"><h1>NLS COACHING<\/h1>\n<\/div><\/div><div class=\"et_pb_text_1 et_pb_text et_pb_bg_layout_light et_pb_module et_flex_module preset--module--divi-text--77bd6224-541c-4dfa-aa0c-4832456a9557\"><div class=\"et_pb_text_inner\"><h3>Unlock Your Full Potential<\/h3>\n<\/div><\/div><\/div><\/div><div class=\"et_pb_row_1 et_pb_row et-vb-row--no-module et_pb_gutters3 et_block_row\"><div class=\"et_pb_column_1 et_pb_column et_pb_column_4_4 et-last-child et_block_column et_pb_column_empty et_pb_css_mix_blend_mode_passthrough\"><\/div><\/div><\/div><div class=\"et_pb_section_1 et_pb_section et_section_regular et_block_section\"><div class=\"et_pb_row_2 et_pb_row et_pb_gutters3 et_block_row preset--module--divi-row--5138c454-be54-4233-bd3b-f8e6a8747976\"><div class=\"et_pb_column_2 et_pb_column et_pb_column_1_2 et_block_column et_pb_css_mix_blend_mode_passthrough preset--module--divi-column--73121f80-a3ef-4484-8763-c3f18e3c56d2\"><div class=\"et_pb_image_0 et_pb_image et_pb_module et_flex_module preset--module--divi-image--1cc6152f-565c-4c4d-b0c9-cf8c9576c341\"><span class=\"et_pb_image_wrap\"><img loading=\"lazy\" decoding=\"async\" src=\"https:\/\/nlscoaching.eu\/wp-content\/uploads\/2025\/01\/NLS-1-scaled.jpg\" alt=\"NLS Coaching\" title=\"NLS Coaching\" width=\"2560\" height=\"2560\" srcset=\"https:\/\/nlscoaching.eu\/wp-content\/uploads\/2025\/01\/NLS-1-scaled.jpg 2560w, https:\/\/nlscoaching.eu\/wp-content\/uploads\/2025\/01\/NLS-1-1280x1280.jpg 1280w, https:\/\/nlscoaching.eu\/wp-content\/uploads\/2025\/01\/NLS-1-980x980.jpg 980w, https:\/\/nlscoaching.eu\/wp-content\/uploads\/2025\/01\/NLS-1-480x480.jpg 480w\" sizes=\"(min-width: 0px) and (max-width: 480px) 480px, (min-width: 481px) and (max-width: 980px) 980px, (min-width: 981px) and (max-width: 1280px) 1280px, (min-width: 1281px) 2560px, 100vw\" class=\"wp-image-247299\" \/><\/span><\/div><\/div><div class=\"et_pb_column_3 et_pb_column et_pb_column_1_2 et-last-child et_block_column et_pb_css_mix_blend_mode_passthrough preset--module--divi-column--73121f80-a3ef-4484-8763-c3f18e3c56d2\"><div class=\"et_pb_heading_0 et_pb_heading et_pb_module et_flex_module preset--module--divi-heading--f0c675ea-2574-4d0e-b725-30f8550a8550\"><div class=\"et_pb_heading_container\"><\/div><\/div><div class=\"et_pb_heading_1 et_pb_heading et_pb_module et_flex_module preset--module--divi-heading--c33f07d9-41e0-421a-8799-5799df695cce\"><div class=\"et_pb_heading_container\"><h2 class=\"et_pb_module_header\">Odkleni svoj polni potencial<\/h2><\/div><\/div><div class=\"et_pb_text_2 et_pb_text et_pb_bg_layout_light et_pb_module et_flex_module preset--module--divi-text--2c55a9c4-feed-423b-9edb-ae0b5b365cac\"><div class=\"et_pb_text_inner\"><div>\n<p><strong>NLS Coaching<\/strong> je ustanovil strasten kolesar z ve\u010d kot desetletjem izku\u0161enj v treniranju, fiziolo\u0161kem testiranju in optimizaciji pozicije. Na\u0161e poslanstvo je pomagati \u0161portnikom vseh ravni, da dose\u017eejo svoj polni potencial s pomo\u010djo prilagojenih programov treninga in najsodobnej\u0161ih testnih tehnik. Specializirani smo za optimizacijo nastavitve na kolesu, aero testiranje in celovite fiziolo\u0161ke ocene, s \u010dimer zagotavljamo, da vsak klient prejme naju\u010dinkovitej\u0161e smernice, prilagojene njihovim edinstvenim potrebam.<\/p>\n<\/div>\n<\/div><\/div><\/div><\/div><\/div><div class=\"et_pb_section_2 et_pb_section et_section_regular et_block_section\"><div class=\"et_pb_row_3 et_pb_row et_pb_gutters3 et_block_row\"><div class=\"et_pb_column_4 et_pb_column et_pb_column_4_4 et-last-child et_block_column et_pb_css_mix_blend_mode_passthrough\"><div class=\"et_pb_text_3 et_pb_text et_pb_bg_layout_light et_pb_module et_flex_module preset--module--divi-text--d87de799-28d7-4de5-ab6b-6617c666688a\"><div class=\"et_pb_text_inner\"><h4>NLS Coaching<\/h4>\n<\/div><\/div><div class=\"et_pb_text_4 et_pb_text et_pb_bg_layout_light et_pb_module et_flex_module preset--module--divi-text--33d8ed47-9575-4183-ae48-b1d6c4145db4\"><div class=\"et_pb_text_inner\"><h2>STORITVE<\/h2>\n<\/div><\/div><\/div><\/div><div class=\"et_pb_row_4 et_pb_row et_pb_gutters3 et_block_row\"><div class=\"et_pb_column_5 et_pb_column et_pb_column_1_2 et_block_column et_pb_css_mix_blend_mode_passthrough\"><div class=\"et_pb_blurb_0 et_pb_blurb et_pb_bg_layout_light et_pb_text_align_left et_pb_blurb_position_top et_pb_module et_flex_module\"><div class=\"et_pb_blurb_content et_flex_module\"><div class=\"et_pb_main_blurb_image\"><span class=\"et_pb_image_wrap et_pb_only_image_mode_wrap\"><img loading=\"lazy\" decoding=\"async\" src=\"https:\/\/nlscoaching.eu\/wp-content\/uploads\/2025\/02\/NLS_trening.jpg\" alt=\"NLS Coaching Trening\" width=\"1470\" height=\"927\" srcset=\"https:\/\/nlscoaching.eu\/wp-content\/uploads\/2025\/02\/NLS_trening.jpg 1470w, https:\/\/nlscoaching.eu\/wp-content\/uploads\/2025\/02\/NLS_trening-1280x807.jpg 1280w, https:\/\/nlscoaching.eu\/wp-content\/uploads\/2025\/02\/NLS_trening-980x618.jpg 980w, https:\/\/nlscoaching.eu\/wp-content\/uploads\/2025\/02\/NLS_trening-480x303.jpg 480w\" sizes=\"(min-width: 0px) and (max-width: 480px) 480px, (min-width: 481px) and (max-width: 980px) 980px, (min-width: 981px) and (max-width: 1280px) 1280px, (min-width: 1281px) 1470px, 100vw\" class=\"et-waypoint et_pb_animation_top et_pb_animation_top_tablet et_pb_animation_top_phone wp-image-247478\" \/><\/span><\/div><div class=\"et_pb_blurb_container\"><h4 class=\"et_pb_module_header\">TRENERSTVO<\/h4><div class=\"et_pb_blurb_description\"><p><span>Na\u0161i prilagojeni na\u010drti treningov so zasnovani tako, da ustrezajo edinstvenim potrebam kolesarjev in triatloncev. Izkoristite prednosti personaliziranih trening planov, analize in stalne podpore za dosego va\u0161ih ciljev.<\/span><\/p>\n<\/div><\/div><\/div><\/div><div class=\"et_pb_module et_pb_button_module_wrapper et_pb_button_0_wrapper\"><a class=\"et_pb_button_0 et_pb_button et_pb_bg_layout_dark et_pb_module et_flex_module\" href=\"https:\/\/nlscoaching.eu\/index.php\/treniranje\/\" data-icon=\"$\">Ve\u010d<\/a><\/div><\/div><div class=\"et_pb_column_6 et_pb_column et_pb_column_1_2 et-last-child et_block_column et_pb_css_mix_blend_mode_passthrough\"><div class=\"et_pb_blurb_1 et_pb_blurb et_pb_bg_layout_light et_pb_text_align_left et_pb_blurb_position_top et_pb_module et_flex_module\"><div class=\"et_pb_blurb_content et_flex_module\"><div class=\"et_pb_main_blurb_image\"><span class=\"et_pb_image_wrap et_pb_only_image_mode_wrap\"><img loading=\"lazy\" decoding=\"async\" src=\"https:\/\/nlscoaching.eu\/wp-content\/uploads\/2025\/01\/NLS-05637.jpg\" alt=\"NLS Coaching - Testiranje zmogljivosti\" width=\"1470\" height=\"927\" srcset=\"https:\/\/nlscoaching.eu\/wp-content\/uploads\/2025\/01\/NLS-05637.jpg 1470w, https:\/\/nlscoaching.eu\/wp-content\/uploads\/2025\/01\/NLS-05637-1280x807.jpg 1280w, https:\/\/nlscoaching.eu\/wp-content\/uploads\/2025\/01\/NLS-05637-980x618.jpg 980w, https:\/\/nlscoaching.eu\/wp-content\/uploads\/2025\/01\/NLS-05637-480x303.jpg 480w\" sizes=\"(min-width: 0px) and (max-width: 480px) 480px, (min-width: 481px) and (max-width: 980px) 980px, (min-width: 981px) and (max-width: 1280px) 1280px, (min-width: 1281px) 1470px, 100vw\" class=\"et-waypoint et_pb_animation_top et_pb_animation_top_tablet et_pb_animation_top_phone wp-image-247352\" \/><\/span><\/div><div class=\"et_pb_blurb_container\"><h4 class=\"et_pb_module_header\">TESTIRANJE ZMOGLJIVOSTI<\/h4><div class=\"et_pb_blurb_description\"><p><span>Izkoristite podrobno analizo zmogljivosti za spremljanje va\u0161ega napredka in prilagoditve treninga na podlagi pridobljenih podatkov.<\/span><span><\/span><\/p>\n<\/div><\/div><\/div><\/div><div class=\"et_pb_module et_pb_button_module_wrapper et_pb_button_1_wrapper\"><a class=\"et_pb_button_1 et_pb_button et_pb_bg_layout_dark et_pb_module et_flex_module\" href=\"\" data-icon=\"$\">Ve\u010d<\/a><\/div><\/div><\/div><div class=\"et_pb_row_5 et_pb_row et_pb_gutters3 et_block_row\"><div class=\"et_pb_column_7 et_pb_column et_pb_column_1_2 et_block_column et_pb_css_mix_blend_mode_passthrough\"><div class=\"et_pb_blurb_2 et_pb_blurb et_pb_bg_layout_light et_pb_text_align_left et_pb_blurb_position_top et_pb_module et_flex_module\"><div class=\"et_pb_blurb_content et_flex_module\"><div class=\"et_pb_main_blurb_image\"><span class=\"et_pb_image_wrap et_pb_only_image_mode_wrap\"><img loading=\"lazy\" decoding=\"async\" src=\"https:\/\/nlscoaching.eu\/wp-content\/uploads\/2025\/01\/NLS-04746.jpg\" alt=\"NLS - Aero testiranje\" width=\"1470\" height=\"927\" srcset=\"https:\/\/nlscoaching.eu\/wp-content\/uploads\/2025\/01\/NLS-04746.jpg 1470w, https:\/\/nlscoaching.eu\/wp-content\/uploads\/2025\/01\/NLS-04746-1280x807.jpg 1280w, https:\/\/nlscoaching.eu\/wp-content\/uploads\/2025\/01\/NLS-04746-980x618.jpg 980w, https:\/\/nlscoaching.eu\/wp-content\/uploads\/2025\/01\/NLS-04746-480x303.jpg 480w\" sizes=\"(min-width: 0px) and (max-width: 480px) 480px, (min-width: 481px) and (max-width: 980px) 980px, (min-width: 981px) and (max-width: 1280px) 1280px, (min-width: 1281px) 1470px, 100vw\" class=\"et-waypoint et_pb_animation_top et_pb_animation_top_tablet et_pb_animation_top_phone wp-image-247357\" \/><\/span><\/div><div class=\"et_pb_blurb_container\"><h4 class=\"et_pb_module_header\">TESTIRANJE AERODINAMIKE<\/h4><div class=\"et_pb_blurb_description\"><p><span>\u00a0Aerodinamika igra klju\u010dno vlogo pri kon\u010dni hitrosti kolesarja. Teste lahko izvajamo na terenu ali na velodromu. Merilna tehnika omogo\u010da natan\u010dne in zanesljive meritve s \u010dimer se lahko posvetimo \u0161e tako majhnemu detajlu na va\u0161i opremi in poziciji.<\/span><\/p>\n<\/div><\/div><\/div><\/div><div class=\"et_pb_module et_pb_button_module_wrapper et_pb_button_2_wrapper\"><a class=\"et_pb_button_2 et_pb_button et_pb_bg_layout_dark et_pb_module et_flex_module\" href=\"\" data-icon=\"$\">Ve\u010d<\/a><\/div><\/div><div class=\"et_pb_column_8 et_pb_column et_pb_column_1_2 et-last-child et_block_column et_pb_css_mix_blend_mode_passthrough\"><div class=\"et_pb_blurb_3 et_pb_blurb et_pb_bg_layout_light et_pb_text_align_left et_pb_blurb_position_top et_pb_module et_flex_module\"><div class=\"et_pb_blurb_content et_flex_module\"><div class=\"et_pb_main_blurb_image\"><span class=\"et_pb_image_wrap et_pb_only_image_mode_wrap\"><img loading=\"lazy\" decoding=\"async\" src=\"https:\/\/nlscoaching.eu\/wp-content\/uploads\/2025\/02\/NLS-Coaching_Fitting_V2.jpg\" alt=\"NLS Coaching Fitting\" width=\"1470\" height=\"927\" srcset=\"https:\/\/nlscoaching.eu\/wp-content\/uploads\/2025\/02\/NLS-Coaching_Fitting_V2.jpg 1470w, https:\/\/nlscoaching.eu\/wp-content\/uploads\/2025\/02\/NLS-Coaching_Fitting_V2-1280x807.jpg 1280w, https:\/\/nlscoaching.eu\/wp-content\/uploads\/2025\/02\/NLS-Coaching_Fitting_V2-980x618.jpg 980w, https:\/\/nlscoaching.eu\/wp-content\/uploads\/2025\/02\/NLS-Coaching_Fitting_V2-480x303.jpg 480w\" sizes=\"(min-width: 0px) and (max-width: 480px) 480px, (min-width: 481px) and (max-width: 980px) 980px, (min-width: 981px) and (max-width: 1280px) 1280px, (min-width: 1281px) 1470px, 100vw\" class=\"et-waypoint et_pb_animation_top et_pb_animation_top_tablet et_pb_animation_top_phone wp-image-247479\" \/><\/span><\/div><div class=\"et_pb_blurb_container\"><h4 class=\"et_pb_module_header\">BIKE FITTING<\/h4><div class=\"et_pb_blurb_description\"><p><span>Kolo prilagodimo va\u0161i edinstveni telesni mehaniki, kar izbolj\u0161a tako udobje kot zmogljivost. Na\u0161 celovit postopek nastavitve obravnava dr\u017eo, tehniko pedaliranja in tri kontaktne to\u010dke (krmilo, sede\u017e, pedala), kar zmanj\u0161uje tveganje za po\u0161kodbe in maksimizira u\u010dinkovitost.<\/span><\/p>\n<\/div><\/div><\/div><\/div><div class=\"et_pb_module et_pb_button_module_wrapper et_pb_button_3_wrapper\"><a class=\"et_pb_button_3 et_pb_button et_pb_bg_layout_dark et_pb_module et_flex_module\" href=\"\" data-icon=\"$\">Ve\u010d<\/a><\/div><\/div><\/div><\/div>","protected":false},"excerpt":{"rendered":"","protected":false},"author":1,"featured_media":0,"parent":0,"menu_order":0,"comment_status":"closed","ping_status":"closed","template":"","meta":{"footnotes":""},"class_list":["post-247263","page","type-page","status-publish","hentry"],"yoast_head":"<!-- This site is optimized with the Yoast SEO Premium plugin v26.3 (Yoast SEO v26.4) - https:\/\/yoast.com\/wordpress\/plugins\/seo\/ -->\n<title>NLSCoaching - NLS Coaching<\/title>\n<meta name=\"robots\" content=\"index, follow, max-snippet:-1, max-image-preview:large, max-video-preview:-1\" \/>\n<link rel=\"canonical\" href=\"https:\/\/nlscoaching.eu\/\" \/>\n<meta property=\"og:locale\" content=\"sl_SI\" \/>\n<meta property=\"og:type\" content=\"article\" \/>\n<meta property=\"og:title\" content=\"NLSCoaching\" \/>\n<meta property=\"og:url\" content=\"https:\/\/nlscoaching.eu\/\" \/>\n<meta property=\"og:site_name\" content=\"NLS Coaching\" \/>\n<meta property=\"article:publisher\" content=\"https:\/\/www.facebook.com\/nlscoaching\" \/>\n<meta property=\"article:modified_time\" content=\"2025-11-12T09:50:05+00:00\" \/>\n<meta name=\"twitter:card\" content=\"summary_large_image\" \/>\n<script type=\"application\/ld+json\" class=\"yoast-schema-graph\">{\"@context\":\"https:\/\/schema.org\",\"@graph\":[{\"@type\":\"WebPage\",\"@id\":\"https:\/\/nlscoaching.eu\/\",\"url\":\"https:\/\/nlscoaching.eu\/\",\"name\":\"NLSCoaching - NLS Coaching\",\"isPartOf\":{\"@id\":\"https:\/\/nlscoaching.eu\/#website\"},\"datePublished\":\"2025-02-01T20:34:16+00:00\",\"dateModified\":\"2025-11-12T09:50:05+00:00\",\"breadcrumb\":{\"@id\":\"https:\/\/nlscoaching.eu\/#breadcrumb\"},\"inLanguage\":\"sl-SI\",\"potentialAction\":[{\"@type\":\"ReadAction\",\"target\":[\"https:\/\/nlscoaching.eu\/\"]}]},{\"@type\":\"BreadcrumbList\",\"@id\":\"https:\/\/nlscoaching.eu\/#breadcrumb\",\"itemListElement\":[{\"@type\":\"ListItem\",\"position\":1,\"name\":\"Home\",\"item\":\"https:\/\/nlscoaching.eu\/\"},{\"@type\":\"ListItem\",\"position\":2,\"name\":\"NLSCoaching\"}]},{\"@type\":\"WebSite\",\"@id\":\"https:\/\/nlscoaching.eu\/#website\",\"url\":\"https:\/\/nlscoaching.eu\/\",\"name\":\"NLS Coaching\",\"description\":\"\",\"publisher\":{\"@id\":\"https:\/\/nlscoaching.eu\/#organization\"},\"potentialAction\":[{\"@type\":\"SearchAction\",\"target\":{\"@type\":\"EntryPoint\",\"urlTemplate\":\"https:\/\/nlscoaching.eu\/?s={search_term_string}\"},\"query-input\":{\"@type\":\"PropertyValueSpecification\",\"valueRequired\":true,\"valueName\":\"search_term_string\"}}],\"inLanguage\":\"sl-SI\"},{\"@type\":\"Organization\",\"@id\":\"https:\/\/nlscoaching.eu\/#organization\",\"name\":\"NLS Coaching\",\"url\":\"https:\/\/nlscoaching.eu\/\",\"logo\":{\"@type\":\"ImageObject\",\"inLanguage\":\"sl-SI\",\"@id\":\"https:\/\/nlscoaching.eu\/#\/schema\/logo\/image\/\",\"url\":\"https:\/\/nlscoaching.eu\/wp-content\/uploads\/2025\/02\/LOGO_NLS_Coaching_f-1.png\",\"contentUrl\":\"https:\/\/nlscoaching.eu\/wp-content\/uploads\/2025\/02\/LOGO_NLS_Coaching_f-1.png\",\"width\":731,\"height\":176,\"caption\":\"NLS Coaching\"},\"image\":{\"@id\":\"https:\/\/nlscoaching.eu\/#\/schema\/logo\/image\/\"},\"sameAs\":[\"https:\/\/www.facebook.com\/nlscoaching\",\"https:\/\/www.instagram.com\/nls_coaching\/\"]}]}<\/script>\n<!-- \/ Yoast SEO Premium plugin. -->","yoast_head_json":{"title":"NLSCoaching - NLS Coaching","robots":{"index":"index","follow":"follow","max-snippet":"max-snippet:-1","max-image-preview":"max-image-preview:large","max-video-preview":"max-video-preview:-1"},"canonical":"https:\/\/nlscoaching.eu\/","og_locale":"sl_SI","og_type":"article","og_title":"NLSCoaching","og_url":"https:\/\/nlscoaching.eu\/","og_site_name":"NLS Coaching","article_publisher":"https:\/\/www.facebook.com\/nlscoaching","article_modified_time":"2025-11-12T09:50:05+00:00","twitter_card":"summary_large_image","schema":{"@context":"https:\/\/schema.org","@graph":[{"@type":"WebPage","@id":"https:\/\/nlscoaching.eu\/","url":"https:\/\/nlscoaching.eu\/","name":"NLSCoaching - NLS Coaching","isPartOf":{"@id":"https:\/\/nlscoaching.eu\/#website"},"datePublished":"2025-02-01T20:34:16+00:00","dateModified":"2025-11-12T09:50:05+00:00","breadcrumb":{"@id":"https:\/\/nlscoaching.eu\/#breadcrumb"},"inLanguage":"sl-SI","potentialAction":[{"@type":"ReadAction","target":["https:\/\/nlscoaching.eu\/"]}]},{"@type":"BreadcrumbList","@id":"https:\/\/nlscoaching.eu\/#breadcrumb","itemListElement":[{"@type":"ListItem","position":1,"name":"Home","item":"https:\/\/nlscoaching.eu\/"},{"@type":"ListItem","position":2,"name":"NLSCoaching"}]},{"@type":"WebSite","@id":"https:\/\/nlscoaching.eu\/#website","url":"https:\/\/nlscoaching.eu\/","name":"NLS Coaching","description":"","publisher":{"@id":"https:\/\/nlscoaching.eu\/#organization"},"potentialAction":[{"@type":"SearchAction","target":{"@type":"EntryPoint","urlTemplate":"https:\/\/nlscoaching.eu\/?s={search_term_string}"},"query-input":{"@type":"PropertyValueSpecification","valueRequired":true,"valueName":"search_term_string"}}],"inLanguage":"sl-SI"},{"@type":"Organization","@id":"https:\/\/nlscoaching.eu\/#organization","name":"NLS Coaching","url":"https:\/\/nlscoaching.eu\/","logo":{"@type":"ImageObject","inLanguage":"sl-SI","@id":"https:\/\/nlscoaching.eu\/#\/schema\/logo\/image\/","url":"https:\/\/nlscoaching.eu\/wp-content\/uploads\/2025\/02\/LOGO_NLS_Coaching_f-1.png","contentUrl":"https:\/\/nlscoaching.eu\/wp-content\/uploads\/2025\/02\/LOGO_NLS_Coaching_f-1.png","width":731,"height":176,"caption":"NLS Coaching"},"image":{"@id":"https:\/\/nlscoaching.eu\/#\/schema\/logo\/image\/"},"sameAs":["https:\/\/www.facebook.com\/nlscoaching","https:\/\/www.instagram.com\/nls_coaching\/"]}]}},"_links":{"self":[{"href":"https:\/\/nlscoaching.eu\/index.php\/wp-json\/wp\/v2\/pages\/247263","targetHints":{"allow":["GET"]}}],"collection":[{"href":"https:\/\/nlscoaching.eu\/index.php\/wp-json\/wp\/v2\/pages"}],"about":[{"href":"https:\/\/nlscoaching.eu\/index.php\/wp-json\/wp\/v2\/types\/page"}],"author":[{"embeddable":true,"href":"https:\/\/nlscoaching.eu\/index.php\/wp-json\/wp\/v2\/users\/1"}],"replies":[{"embeddable":true,"href":"https:\/\/nlscoaching.eu\/index.php\/wp-json\/wp\/v2\/comments?post=247263"}],"version-history":[{"count":28,"href":"https:\/\/nlscoaching.eu\/index.php\/wp-json\/wp\/v2\/pages\/247263\/revisions"}],"predecessor-version":[{"id":247523,"href":"https:\/\/nlscoaching.eu\/index.php\/wp-json\/wp\/v2\/pages\/247263\/revisions\/247523"}],"wp:attachment":[{"href":"https:\/\/nlscoaching.eu\/index.php\/wp-json\/wp\/v2\/media?parent=247263"}],"curies":[{"name":"wp","href":"https:\/\/api.w.org\/{rel}","templated":true}]}}